{"id":320,"date":"2019-11-25T11:21:12","date_gmt":"2019-11-25T10:21:12","guid":{"rendered":"https:\/\/www.remipanossian.com\/?post_type=product&#038;p=320"},"modified":"2024-09-25T15:09:22","modified_gmt":"2024-09-25T13:09:22","slug":"in-odd-we-trust-rp3","status":"publish","type":"product","link":"https:\/\/www.remipanossian.com\/en\/shop\/in-odd-we-trust-rp3\/","title":{"rendered":"In Odd We Trust &#8211; RP3"},"content":{"rendered":"<p style=\"text-align: left;\"><iframe src=\"https:\/\/www.deezer.com\/plugins\/player?format=classic&amp;autoplay=false&amp;playlist=true&amp;width=700&amp;height=350&amp;color=ff0000&amp;layout=&amp;size=medium&amp;type=album&amp;id=122798532&amp;app_id=1\" width=\"700\" height=\"300\" frameborder=\"0\" scrolling=\"no\"><span style=\"display: inline-block; width: 0px; overflow: hidden; line-height: 0;\" data-mce-type=\"bookmark\" class=\"mce_SELRES_start\">\ufeff<\/span><\/iframe><\/p>\n<p style=\"text-align: justify;\">En dix ans, avec plus de 300 concerts en dehors de l\u2019hexagone, ce trio est devenu l\u2019embl\u00e8me du jazz fran\u00e7ais \u00e0 l\u2019\u00e9tranger. R\u00e9mi Panossian, fondateur du groupe, est nomm\u00e9 Chevalier des Arts et des Lettres \ufb01n 2019 (!); un comble pour ce qui reste avant tout une bande de potes espi\u00e8gles, oscillant sans cesse entre le deuxi\u00e8me et le troisi\u00e8me degr\u00e9s \u00e0 l\u2019image la pochette de ce cinqui\u00e8me album, proche de l\u2019univers de Wes Anderson. On ne distingue plus ce qui est pr\u00e9visible de ce qui ne l\u2019est pas, ce qui est attendu de ce qui surprend, en t\u00e9moigne leur musique qui jongle entre mises en place et improvisations, jamais loin du burlesque mais sans jamais tomber dedans.<br \/>\nLe RP3, c\u2019est aussi et surtout des ri\ufb00s m\u00e9lodiques qui rentrent par une oreille pour ne jamais en ressortir. Une musique au groove cisel\u00e9 fa\u00e7on haute couture, et d&#8217;une l\u00e9g\u00e8ret\u00e9 profonde dans les compositions et les arrangements, ponctu\u00e9s par un Son devenu signature, dans la lign\u00e9e des grands trios qui ont redessin\u00e9 l&#8217;exercice de la formule piano \/ basse \/ batterie ces derni\u00e8res ann\u00e9es (Bad Plus, E.S.T., Avishai Cohen&#8230;)<br \/>\nMais nul n\u2019est proph\u00e8te en son pays. Si le RP3 fait salle comble en Asie, en Am\u00e9rique du Sud \u2013 et du Nord, un peu partout en Europe, c\u2019est paradoxalement en France o\u00f9 ils sont le moins reconnus pour leur cr\u00e9ativit\u00e9, leur longue carri\u00e8re et leur folie douce.\u2028 Alors c\u2019est peut-\u00eatre pour leur \u00e9viter d\u2019accuser un des pires bilans carbones de la sc\u00e8ne fran\u00e7aise que celle-ci se doit de reconna\u00eetre le talent dont font preuve ces trois trentenaires dans cette aventure pour le moins \u00e9trange de dix \u2014 si courtes \u2014 ann\u00e9es.<\/p>\n<p><strong>Paru le 31 janvier 2020<\/strong><\/p>\n<h3>La presse internationale en parle.<\/h3>\n<p><em>\u201c O RP3 \u00e9 uma proposta original, que mistura jazz e rock &#8211; ao ponto de voc\u00ea n\u00e3o saber se \u00e9 um grupo de jazz que toca rock ou um grupo de rock que toca jazz.\u201d<\/em><br \/>\n<em><span style=\"text-decoration: underline;\">Itapema FM<\/span><\/em><\/p>\n<p><em>\u201cThe famous French Jazz Trio of Remi Panossian left the audience spellbound with some of their extremely \ufb02uid performance with vivid notes on the inaugural day.\u201d<\/em><br \/>\n<em><span style=\"text-decoration: underline;\">The Asian Age<\/span><\/em><\/p>\n<p><em>\u201cWarum das R\u00e9mi Panossian Trio in Frankreich zu den Favoriten z\u00e4hlt, wird schon nach den ersten Takten klar und in jedem nachfolgenden Titel von Bbang noch deutlicher. Die Musiker reproduzieren kein rhythmisch unterlegtes pianistisches Einerlei, sondern bestechen mit ungew\u00f6hnlichen Themen, woran jeder seinen Anteil hat .&#8221;<\/em><br \/>\n<em><span style=\"text-decoration: underline;\">FONO Forum<\/span><\/em><\/p>\n<p><em>\u201c\u3044\u3088\u3044\u3088\u3001\u660e\u2f47\u65e5!\u30ec\u30df\u30fb\u30d1\u30ce\u30b7\u30a2\u30f3\u30fb\u30c8\u30ea\u30aa3\u5e74\uf98e\u632f\u308a\u306e\u53e4\u2ea0\u6c11\u5bb6SHIKIORI\u516c\u6f14\u3067\u3059\u3002 \u307e\u3060\u3001\u6b8b\u5e2d\u3054\u3056 \u3044\u307e\u3059\u3002\u5357\u30d5\u30e9\u30f3\u30b9\u304c\u2f63\u751f\u3093\u3060\u3001\u5909\u5e7b\u2f83\u81ea\u5728\u306e\u9032\u5316\u7cfb\u30d4\u30a2\u30ce\u30fb\u30c8\u30ea\u30aa\u3092\u304a\u697d\u3057\u307f\u304f\u3060\u3055 \u3044! \u201d <\/em><br \/>\n<em><span style=\"text-decoration: underline;\">Fukuoka news<\/span><\/em><\/p>\n<p><strong>\u00a0<\/strong><\/p>\n","protected":false},"excerpt":{"rendered":"<p><em>R\u00e9mi Panossian (piano)<\/em><br \/>\n<em> Maxime Delporte (contrebasse)<\/em><br \/>\n<em> Fr\u00e9d\u00e9ric Petitprez (batterie)<\/em><\/p>\n<p>&nbsp;<\/p>\n","protected":false},"featured_media":321,"template":"","meta":[],"product_brand":[],"product_cat":[34,15],"product_tag":[],"class_list":{"0":"post-320","1":"product","2":"type-product","3":"status-publish","4":"has-post-thumbnail","6":"product_cat-album-jazz","7":"product_cat-trio","8":"product_shipping_class-digipack","10":"first","11":"outofstock","12":"shipping-taxable","13":"purchasable","14":"product-type-simple"},"yoast_head":"<!-- This site is optimized with the Yoast SEO plugin v26.9 - https:\/\/yoast.com\/product\/yoast-seo-wordpress\/ -->\n<title>In Odd We Trust - RP3 [OFFICIEL]<\/title>\n<meta name=\"description\" content=\"Nouvel album du trio RP3. Disponible le 31 janvier 2020 ! Remi Panossian (piano), Maxime Delporte (contrebasse), Frederic Petitprez (batterie)\" \/>\n<meta name=\"robots\" content=\"index, follow, max-snippet:-1, max-image-preview:large, max-video-preview:-1\" \/>\n<link rel=\"canonical\" href=\"https:\/\/www.remipanossian.com\/shop\/in-odd-we-trust-rp3\/\" \/>\n<meta property=\"og:locale\" content=\"en_US\" \/>\n<meta property=\"og:type\" content=\"article\" \/>\n<meta property=\"og:title\" content=\"In Odd We Trust - RP3 [OFFICIEL]\" \/>\n<meta property=\"og:description\" content=\"Nouvel album du trio RP3. Disponible le 31 janvier 2020 ! Remi Panossian (piano), Maxime Delporte (contrebasse), Frederic Petitprez (batterie)\" \/>\n<meta property=\"og:url\" content=\"https:\/\/www.remipanossian.com\/shop\/in-odd-we-trust-rp3\/\" \/>\n<meta property=\"og:site_name\" content=\"Remi Panossian | Official Website\" \/>\n<meta property=\"article:modified_time\" content=\"2024-09-25T13:09:22+00:00\" \/>\n<meta property=\"og:image\" content=\"https:\/\/www.remipanossian.com\/wp-content\/uploads\/2019\/11\/rp3-album.jpg\" \/>\n<meta name=\"twitter:card\" content=\"summary_large_image\" \/>\n<meta name=\"twitter:label1\" content=\"Est. reading time\" \/>\n\t<meta name=\"twitter:data1\" content=\"3 minutes\" \/>\n<script type=\"application\/ld+json\" class=\"yoast-schema-graph\">{\"@context\":\"https:\/\/schema.org\",\"@graph\":[{\"@type\":\"WebPage\",\"@id\":\"https:\/\/www.remipanossian.com\/shop\/in-odd-we-trust-rp3\/\",\"url\":\"https:\/\/www.remipanossian.com\/shop\/in-odd-we-trust-rp3\/\",\"name\":\"In Odd We Trust - RP3 [OFFICIEL]\",\"isPartOf\":{\"@id\":\"https:\/\/www.remipanossian.com\/#website\"},\"primaryImageOfPage\":{\"@id\":\"https:\/\/www.remipanossian.com\/shop\/in-odd-we-trust-rp3\/#primaryimage\"},\"image\":{\"@id\":\"https:\/\/www.remipanossian.com\/shop\/in-odd-we-trust-rp3\/#primaryimage\"},\"thumbnailUrl\":\"https:\/\/www.remipanossian.com\/wp-content\/uploads\/2019\/11\/rp3-in-odd-we-trust.jpg\",\"datePublished\":\"2019-11-25T10:21:12+00:00\",\"dateModified\":\"2024-09-25T13:09:22+00:00\",\"description\":\"Nouvel album du trio RP3. Disponible le 31 janvier 2020 ! Remi Panossian (piano), Maxime Delporte (contrebasse), Frederic Petitprez (batterie)\",\"breadcrumb\":{\"@id\":\"https:\/\/www.remipanossian.com\/shop\/in-odd-we-trust-rp3\/#breadcrumb\"},\"inLanguage\":\"en-US\",\"potentialAction\":[{\"@type\":\"ReadAction\",\"target\":[\"https:\/\/www.remipanossian.com\/shop\/in-odd-we-trust-rp3\/\"]}]},{\"@type\":\"ImageObject\",\"inLanguage\":\"en-US\",\"@id\":\"https:\/\/www.remipanossian.com\/shop\/in-odd-we-trust-rp3\/#primaryimage\",\"url\":\"https:\/\/www.remipanossian.com\/wp-content\/uploads\/2019\/11\/rp3-in-odd-we-trust.jpg\",\"contentUrl\":\"https:\/\/www.remipanossian.com\/wp-content\/uploads\/2019\/11\/rp3-in-odd-we-trust.jpg\",\"width\":1376,\"height\":1376,\"caption\":\"rp3 In Odd We Trust\"},{\"@type\":\"BreadcrumbList\",\"@id\":\"https:\/\/www.remipanossian.com\/shop\/in-odd-we-trust-rp3\/#breadcrumb\",\"itemListElement\":[{\"@type\":\"ListItem\",\"position\":1,\"name\":\"Home\",\"item\":\"https:\/\/www.remipanossian.com\/\"},{\"@type\":\"ListItem\",\"position\":2,\"name\":\"Shop\",\"item\":\"https:\/\/www.remipanossian.com\/shop\/\"},{\"@type\":\"ListItem\",\"position\":3,\"name\":\"In Odd We Trust &#8211; RP3\"}]},{\"@type\":\"WebSite\",\"@id\":\"https:\/\/www.remipanossian.com\/#website\",\"url\":\"https:\/\/www.remipanossian.com\/\",\"name\":\"Remi Panossian | Official Website\",\"description\":\"New Album release ! Remi Panossian Trio - RP3: 88888888\",\"potentialAction\":[{\"@type\":\"SearchAction\",\"target\":{\"@type\":\"EntryPoint\",\"urlTemplate\":\"https:\/\/www.remipanossian.com\/?s={search_term_string}\"},\"query-input\":{\"@type\":\"PropertyValueSpecification\",\"valueRequired\":true,\"valueName\":\"search_term_string\"}}],\"inLanguage\":\"en-US\"}]}<\/script>\n<!-- \/ Yoast SEO plugin. -->","yoast_head_json":{"title":"In Odd We Trust - RP3 [OFFICIEL]","description":"Nouvel album du trio RP3. Disponible le 31 janvier 2020 ! Remi Panossian (piano), Maxime Delporte (contrebasse), Frederic Petitprez (batterie)","robots":{"index":"index","follow":"follow","max-snippet":"max-snippet:-1","max-image-preview":"max-image-preview:large","max-video-preview":"max-video-preview:-1"},"canonical":"https:\/\/www.remipanossian.com\/shop\/in-odd-we-trust-rp3\/","og_locale":"en_US","og_type":"article","og_title":"In Odd We Trust - RP3 [OFFICIEL]","og_description":"Nouvel album du trio RP3. Disponible le 31 janvier 2020 ! Remi Panossian (piano), Maxime Delporte (contrebasse), Frederic Petitprez (batterie)","og_url":"https:\/\/www.remipanossian.com\/shop\/in-odd-we-trust-rp3\/","og_site_name":"Remi Panossian | Official Website","article_modified_time":"2024-09-25T13:09:22+00:00","og_image":[{"url":"https:\/\/www.remipanossian.com\/wp-content\/uploads\/2019\/11\/rp3-album.jpg","type":"","width":"","height":""}],"twitter_card":"summary_large_image","twitter_misc":{"Est. reading time":"3 minutes"},"schema":{"@context":"https:\/\/schema.org","@graph":[{"@type":"WebPage","@id":"https:\/\/www.remipanossian.com\/shop\/in-odd-we-trust-rp3\/","url":"https:\/\/www.remipanossian.com\/shop\/in-odd-we-trust-rp3\/","name":"In Odd We Trust - RP3 [OFFICIEL]","isPartOf":{"@id":"https:\/\/www.remipanossian.com\/#website"},"primaryImageOfPage":{"@id":"https:\/\/www.remipanossian.com\/shop\/in-odd-we-trust-rp3\/#primaryimage"},"image":{"@id":"https:\/\/www.remipanossian.com\/shop\/in-odd-we-trust-rp3\/#primaryimage"},"thumbnailUrl":"https:\/\/www.remipanossian.com\/wp-content\/uploads\/2019\/11\/rp3-in-odd-we-trust.jpg","datePublished":"2019-11-25T10:21:12+00:00","dateModified":"2024-09-25T13:09:22+00:00","description":"Nouvel album du trio RP3. Disponible le 31 janvier 2020 ! Remi Panossian (piano), Maxime Delporte (contrebasse), Frederic Petitprez (batterie)","breadcrumb":{"@id":"https:\/\/www.remipanossian.com\/shop\/in-odd-we-trust-rp3\/#breadcrumb"},"inLanguage":"en-US","potentialAction":[{"@type":"ReadAction","target":["https:\/\/www.remipanossian.com\/shop\/in-odd-we-trust-rp3\/"]}]},{"@type":"ImageObject","inLanguage":"en-US","@id":"https:\/\/www.remipanossian.com\/shop\/in-odd-we-trust-rp3\/#primaryimage","url":"https:\/\/www.remipanossian.com\/wp-content\/uploads\/2019\/11\/rp3-in-odd-we-trust.jpg","contentUrl":"https:\/\/www.remipanossian.com\/wp-content\/uploads\/2019\/11\/rp3-in-odd-we-trust.jpg","width":1376,"height":1376,"caption":"rp3 In Odd We Trust"},{"@type":"BreadcrumbList","@id":"https:\/\/www.remipanossian.com\/shop\/in-odd-we-trust-rp3\/#breadcrumb","itemListElement":[{"@type":"ListItem","position":1,"name":"Home","item":"https:\/\/www.remipanossian.com\/"},{"@type":"ListItem","position":2,"name":"Shop","item":"https:\/\/www.remipanossian.com\/shop\/"},{"@type":"ListItem","position":3,"name":"In Odd We Trust &#8211; RP3"}]},{"@type":"WebSite","@id":"https:\/\/www.remipanossian.com\/#website","url":"https:\/\/www.remipanossian.com\/","name":"Remi Panossian | Official Website","description":"New Album release ! Remi Panossian Trio - RP3: 88888888","potentialAction":[{"@type":"SearchAction","target":{"@type":"EntryPoint","urlTemplate":"https:\/\/www.remipanossian.com\/?s={search_term_string}"},"query-input":{"@type":"PropertyValueSpecification","valueRequired":true,"valueName":"search_term_string"}}],"inLanguage":"en-US"}]}},"_links":{"self":[{"href":"https:\/\/www.remipanossian.com\/en\/wp-json\/wp\/v2\/product\/320","targetHints":{"allow":["GET"]}}],"collection":[{"href":"https:\/\/www.remipanossian.com\/en\/wp-json\/wp\/v2\/product"}],"about":[{"href":"https:\/\/www.remipanossian.com\/en\/wp-json\/wp\/v2\/types\/product"}],"wp:featuredmedia":[{"embeddable":true,"href":"https:\/\/www.remipanossian.com\/en\/wp-json\/wp\/v2\/media\/321"}],"wp:attachment":[{"href":"https:\/\/www.remipanossian.com\/en\/wp-json\/wp\/v2\/media?parent=320"}],"wp:term":[{"taxonomy":"product_brand","embeddable":true,"href":"https:\/\/www.remipanossian.com\/en\/wp-json\/wp\/v2\/product_brand?post=320"},{"taxonomy":"product_cat","embeddable":true,"href":"https:\/\/www.remipanossian.com\/en\/wp-json\/wp\/v2\/product_cat?post=320"},{"taxonomy":"product_tag","embeddable":true,"href":"https:\/\/www.remipanossian.com\/en\/wp-json\/wp\/v2\/product_tag?post=320"}],"curies":[{"name":"wp","href":"https:\/\/api.w.org\/{rel}","templated":true}]}}