{"id":11,"date":"2018-01-23T01:51:35","date_gmt":"2018-01-23T00:51:35","guid":{"rendered":"https:\/\/www.remipanossian.com\/?post_type=product&#038;p=11"},"modified":"2026-04-04T16:41:22","modified_gmt":"2026-04-04T14:41:22","slug":"do","status":"publish","type":"product","link":"https:\/\/www.remipanossian.com\/en\/shop\/do\/","title":{"rendered":"Do &#8211; Remi Panossian"},"content":{"rendered":"<p>[vc_row][vc_column width=&#8221;1\/3&#8243;][vc_column_text css=&#8221;.vc_custom_1516683536900{margin-bottom: 0px !important;}&#8221;]01 &#8211; Why Are You Falling Down<br \/>\n02 &#8211; The Mirror<br \/>\n03 &#8211; Paint It Black<br \/>\n04 &#8211; Away From A Way<br \/>\n05 &#8211; Long Time No Sea<br \/>\n06 &#8211; Merry Christmas Mr. Lawrence<br \/>\n07 &#8211; Caravan<br \/>\n08 &#8211; My Own Island<br \/>\n09 &#8211; Escape<br \/>\n10 &#8211; Dos[\/vc_column_text][\/vc_column][vc_column width=&#8221;2\/3&#8243;][vc_column_text css=&#8221;.vc_custom_1516683749116{margin-bottom: 0px !important;padding-top: 10px !important;padding-right: 10px !important;padding-bottom: 10px !important;padding-left: 10px !important;background-color: #d8d8d8 !important;}&#8221;]<span style=\"font-size: 12px; line-height: 13px;\"><em>Do, la note&#8230;<br \/>\nDo signifie \u00ab l\u2019\u00eeIe \u00bb en cor\u00e9en, \u00ab la voie \u00bb en japonais, \u00ab je donne \u00bb en italien, \u00ab accomplir \u00bb en anglais&#8230;<br \/>\nAutant de sens \u00e0 ce mot, autant de r\u00e9sonances int\u00e9rieures en <strong>R\u00e9mi Panossian<\/strong> pour cette nouvelle aventure.<br \/>\nPendant 12 ans, quand il n&#8217;\u00e9tait pas en tourn\u00e9e \u00e0 travers le monde avec son trio <strong>RP3<\/strong>, R\u00e9mi se produisait tous les mardis en piano solo dans le club &#8220;le Rest&#8217;O Jazz&#8221; \u00e0 Toulouse. En 2016, R\u00e9mi part se produire seul au piano en Asie ; l\u2019envie de graver cette musique grandit.<br \/>\nFin 2016, le Rest\u2019O Jazz, cette deuxi\u00e8me maison, ces 12 ans d&#8217;amiti\u00e9s, de rencontres, et d&#8217;anecdotes annonce \u00e0 R\u00e9mi sa fermeture d\u00e9finitive \u00e0 l\u2019\u00e9t\u00e9 2017. La d\u00e9cision est prise d\u2019enregistrer le solo dans ce lieu charg\u00e9 de souvenirs avant sa disparition.<br \/>\nPour rester au plus proche de cette forme intime, il s\u2019entoure de son ami et complice de longue date le trompettiste et compositeur <strong>Nicolas Gardel<\/strong> \u00e0 qui il confie la direction artistique.<br \/>\nEnsemble, ils d\u00e9cident d\u2019enregistrer live, sans retouches, pour rester au plus pr\u00e8s de l\u2019\u00e9motion.<br \/>\nAmoureux des m\u00e9lodies, ses lives sont \u00e9nergiques, envo\u00fbtants, organiques. Sur sc\u00e8ne il donne vie \u00e0 sa musique, entre douceur po\u00e9tique, r\u00e9f\u00e9rences rock et envol\u00e9es lyriques.<\/em><\/span>[\/vc_column_text][vc_empty_space][vc_column_text css=&#8221;.vc_custom_1516751919809{margin-bottom: 0px !important;}&#8221;]<strong>DISPONIBLE SUR www.remipanossian.com et sur toutes les plateformes en ligne<\/strong><\/p>\n<p><a href=\"http:\/\/amzn.to\/2DyHLyb\" target=\"_blank\" rel=\"noopener\"><img decoding=\"async\" class=\"alignleft wp-image-101\" src=\"https:\/\/www.remipanossian.com\/wp-content\/uploads\/2018\/01\/500px-amazon_com_logo_svg-300x70.png\" alt=\"\" width=\"214\" height=\"50\" \/><\/a><a href=\"https:\/\/musique.fnac.com\/a11234836\/Remi-Panossian-Do-Digipack-CD-album\" target=\"_blank\" rel=\"noopener\"><img decoding=\"async\" class=\"alignleft wp-image-99\" src=\"https:\/\/www.remipanossian.com\/wp-content\/uploads\/2018\/01\/logo_fnac.png\" alt=\"\" width=\"110\" height=\"33\" \/><\/a>[\/vc_column_text][\/vc_column][\/vc_row]<\/p>\n","protected":false},"excerpt":{"rendered":"<h4>Sortie le 2 f\u00e9vrier 2018 !<\/h4>\n<p><strong>JAZZ FAMILY<br \/>\n<\/strong><\/p>\n<p><em>R\u00e9mi Panossian (Piano)<\/em><\/p>\n","protected":false},"featured_media":12,"template":"","meta":[],"product_brand":[],"product_cat":[34,21],"product_tag":[19,23,16,22],"class_list":{"0":"post-11","1":"product","2":"type-product","3":"status-publish","4":"has-post-thumbnail","6":"product_cat-album-jazz","7":"product_cat-solo","8":"product_tag-album","9":"product_tag-do","10":"product_tag-remi-panossian","11":"product_tag-solo","12":"product_shipping_class-digipack","14":"first","15":"instock","16":"shipping-taxable","17":"purchasable","18":"product-type-simple"},"yoast_head":"<!-- This site is optimized with the Yoast SEO plugin v26.9 - https:\/\/yoast.com\/product\/yoast-seo-wordpress\/ -->\n<title>Do - Remi Panossian - Remi Panossian | Official Website<\/title>\n<meta name=\"robots\" content=\"index, follow, max-snippet:-1, max-image-preview:large, max-video-preview:-1\" \/>\n<link rel=\"canonical\" href=\"https:\/\/www.remipanossian.com\/shop\/do\/\" \/>\n<meta property=\"og:locale\" content=\"en_US\" \/>\n<meta property=\"og:type\" content=\"article\" \/>\n<meta property=\"og:title\" content=\"Do - Remi Panossian - Remi Panossian | Official Website\" \/>\n<meta property=\"og:description\" content=\"Sortie le 2 f\u00e9vrier 2018 ! JAZZ FAMILY   R\u00e9mi Panossian (Piano)\" \/>\n<meta property=\"og:url\" content=\"https:\/\/www.remipanossian.com\/shop\/do\/\" \/>\n<meta property=\"og:site_name\" content=\"Remi Panossian | Official Website\" \/>\n<meta property=\"article:modified_time\" content=\"2026-04-04T14:41:22+00:00\" \/>\n<meta property=\"og:image\" content=\"https:\/\/www.remipanossian.com\/wp-content\/uploads\/2018\/01\/remi-panossian_do.jpg\" \/>\n\t<meta property=\"og:image:width\" content=\"917\" \/>\n\t<meta property=\"og:image:height\" content=\"917\" \/>\n\t<meta property=\"og:image:type\" content=\"image\/jpeg\" \/>\n<meta name=\"twitter:card\" content=\"summary_large_image\" \/>\n<meta name=\"twitter:label1\" content=\"Est. reading time\" \/>\n\t<meta name=\"twitter:data1\" content=\"2 minutes\" \/>\n<script type=\"application\/ld+json\" class=\"yoast-schema-graph\">{\"@context\":\"https:\/\/schema.org\",\"@graph\":[{\"@type\":\"WebPage\",\"@id\":\"https:\/\/www.remipanossian.com\/shop\/do\/\",\"url\":\"https:\/\/www.remipanossian.com\/shop\/do\/\",\"name\":\"Do - Remi Panossian - Remi Panossian | Official Website\",\"isPartOf\":{\"@id\":\"https:\/\/www.remipanossian.com\/#website\"},\"primaryImageOfPage\":{\"@id\":\"https:\/\/www.remipanossian.com\/shop\/do\/#primaryimage\"},\"image\":{\"@id\":\"https:\/\/www.remipanossian.com\/shop\/do\/#primaryimage\"},\"thumbnailUrl\":\"https:\/\/www.remipanossian.com\/wp-content\/uploads\/2018\/01\/remi-panossian_do.jpg\",\"datePublished\":\"2018-01-23T00:51:35+00:00\",\"dateModified\":\"2026-04-04T14:41:22+00:00\",\"breadcrumb\":{\"@id\":\"https:\/\/www.remipanossian.com\/shop\/do\/#breadcrumb\"},\"inLanguage\":\"en-US\",\"potentialAction\":[{\"@type\":\"ReadAction\",\"target\":[\"https:\/\/www.remipanossian.com\/shop\/do\/\"]}]},{\"@type\":\"ImageObject\",\"inLanguage\":\"en-US\",\"@id\":\"https:\/\/www.remipanossian.com\/shop\/do\/#primaryimage\",\"url\":\"https:\/\/www.remipanossian.com\/wp-content\/uploads\/2018\/01\/remi-panossian_do.jpg\",\"contentUrl\":\"https:\/\/www.remipanossian.com\/wp-content\/uploads\/2018\/01\/remi-panossian_do.jpg\",\"width\":917,\"height\":917,\"caption\":\"Remi Panossian DO\"},{\"@type\":\"BreadcrumbList\",\"@id\":\"https:\/\/www.remipanossian.com\/shop\/do\/#breadcrumb\",\"itemListElement\":[{\"@type\":\"ListItem\",\"position\":1,\"name\":\"Home\",\"item\":\"https:\/\/www.remipanossian.com\/\"},{\"@type\":\"ListItem\",\"position\":2,\"name\":\"Shop\",\"item\":\"https:\/\/www.remipanossian.com\/shop\/\"},{\"@type\":\"ListItem\",\"position\":3,\"name\":\"Do &#8211; Remi Panossian\"}]},{\"@type\":\"WebSite\",\"@id\":\"https:\/\/www.remipanossian.com\/#website\",\"url\":\"https:\/\/www.remipanossian.com\/\",\"name\":\"Remi Panossian | Official Website\",\"description\":\"New Album release ! Remi Panossian Trio - RP3: 88888888\",\"potentialAction\":[{\"@type\":\"SearchAction\",\"target\":{\"@type\":\"EntryPoint\",\"urlTemplate\":\"https:\/\/www.remipanossian.com\/?s={search_term_string}\"},\"query-input\":{\"@type\":\"PropertyValueSpecification\",\"valueRequired\":true,\"valueName\":\"search_term_string\"}}],\"inLanguage\":\"en-US\"}]}<\/script>\n<!-- \/ Yoast SEO plugin. -->","yoast_head_json":{"title":"Do - Remi Panossian - Remi Panossian | Official Website","robots":{"index":"index","follow":"follow","max-snippet":"max-snippet:-1","max-image-preview":"max-image-preview:large","max-video-preview":"max-video-preview:-1"},"canonical":"https:\/\/www.remipanossian.com\/shop\/do\/","og_locale":"en_US","og_type":"article","og_title":"Do - Remi Panossian - Remi Panossian | Official Website","og_description":"Sortie le 2 f\u00e9vrier 2018 ! JAZZ FAMILY   R\u00e9mi Panossian (Piano)","og_url":"https:\/\/www.remipanossian.com\/shop\/do\/","og_site_name":"Remi Panossian | Official Website","article_modified_time":"2026-04-04T14:41:22+00:00","og_image":[{"width":917,"height":917,"url":"https:\/\/www.remipanossian.com\/wp-content\/uploads\/2018\/01\/remi-panossian_do.jpg","type":"image\/jpeg"}],"twitter_card":"summary_large_image","twitter_misc":{"Est. reading time":"2 minutes"},"schema":{"@context":"https:\/\/schema.org","@graph":[{"@type":"WebPage","@id":"https:\/\/www.remipanossian.com\/shop\/do\/","url":"https:\/\/www.remipanossian.com\/shop\/do\/","name":"Do - Remi Panossian - Remi Panossian | Official Website","isPartOf":{"@id":"https:\/\/www.remipanossian.com\/#website"},"primaryImageOfPage":{"@id":"https:\/\/www.remipanossian.com\/shop\/do\/#primaryimage"},"image":{"@id":"https:\/\/www.remipanossian.com\/shop\/do\/#primaryimage"},"thumbnailUrl":"https:\/\/www.remipanossian.com\/wp-content\/uploads\/2018\/01\/remi-panossian_do.jpg","datePublished":"2018-01-23T00:51:35+00:00","dateModified":"2026-04-04T14:41:22+00:00","breadcrumb":{"@id":"https:\/\/www.remipanossian.com\/shop\/do\/#breadcrumb"},"inLanguage":"en-US","potentialAction":[{"@type":"ReadAction","target":["https:\/\/www.remipanossian.com\/shop\/do\/"]}]},{"@type":"ImageObject","inLanguage":"en-US","@id":"https:\/\/www.remipanossian.com\/shop\/do\/#primaryimage","url":"https:\/\/www.remipanossian.com\/wp-content\/uploads\/2018\/01\/remi-panossian_do.jpg","contentUrl":"https:\/\/www.remipanossian.com\/wp-content\/uploads\/2018\/01\/remi-panossian_do.jpg","width":917,"height":917,"caption":"Remi Panossian DO"},{"@type":"BreadcrumbList","@id":"https:\/\/www.remipanossian.com\/shop\/do\/#breadcrumb","itemListElement":[{"@type":"ListItem","position":1,"name":"Home","item":"https:\/\/www.remipanossian.com\/"},{"@type":"ListItem","position":2,"name":"Shop","item":"https:\/\/www.remipanossian.com\/shop\/"},{"@type":"ListItem","position":3,"name":"Do &#8211; Remi Panossian"}]},{"@type":"WebSite","@id":"https:\/\/www.remipanossian.com\/#website","url":"https:\/\/www.remipanossian.com\/","name":"Remi Panossian | Official Website","description":"New Album release ! Remi Panossian Trio - RP3: 88888888","potentialAction":[{"@type":"SearchAction","target":{"@type":"EntryPoint","urlTemplate":"https:\/\/www.remipanossian.com\/?s={search_term_string}"},"query-input":{"@type":"PropertyValueSpecification","valueRequired":true,"valueName":"search_term_string"}}],"inLanguage":"en-US"}]}},"_links":{"self":[{"href":"https:\/\/www.remipanossian.com\/en\/wp-json\/wp\/v2\/product\/11","targetHints":{"allow":["GET"]}}],"collection":[{"href":"https:\/\/www.remipanossian.com\/en\/wp-json\/wp\/v2\/product"}],"about":[{"href":"https:\/\/www.remipanossian.com\/en\/wp-json\/wp\/v2\/types\/product"}],"wp:featuredmedia":[{"embeddable":true,"href":"https:\/\/www.remipanossian.com\/en\/wp-json\/wp\/v2\/media\/12"}],"wp:attachment":[{"href":"https:\/\/www.remipanossian.com\/en\/wp-json\/wp\/v2\/media?parent=11"}],"wp:term":[{"taxonomy":"product_brand","embeddable":true,"href":"https:\/\/www.remipanossian.com\/en\/wp-json\/wp\/v2\/product_brand?post=11"},{"taxonomy":"product_cat","embeddable":true,"href":"https:\/\/www.remipanossian.com\/en\/wp-json\/wp\/v2\/product_cat?post=11"},{"taxonomy":"product_tag","embeddable":true,"href":"https:\/\/www.remipanossian.com\/en\/wp-json\/wp\/v2\/product_tag?post=11"}],"curies":[{"name":"wp","href":"https:\/\/api.w.org\/{rel}","templated":true}]}}