{"id":88,"date":"2018-01-23T04:22:56","date_gmt":"2018-01-23T03:22:56","guid":{"rendered":"https:\/\/www.remipanossian.com\/?page_id=88"},"modified":"2022-12-05T18:14:02","modified_gmt":"2022-12-05T17:14:02","slug":"remi-panossian","status":"publish","type":"page","link":"https:\/\/www.remipanossian.com\/en\/remi-panossian\/","title":{"rendered":"Remi Panossian"},"content":{"rendered":"\t\t<div data-elementor-type=\"wp-page\" data-elementor-id=\"88\" class=\"elementor elementor-88\" data-elementor-post-type=\"page\">\n\t\t\t\t\t\t<section class=\"elementor-section elementor-top-section elementor-element elementor-element-3622d6c elementor-section-boxed elementor-section-height-default elementor-section-height-default\" data-id=\"3622d6c\" data-element_type=\"section\" data-e-type=\"section\">\n\t\t\t\t\t\t<div class=\"elementor-container elementor-column-gap-default\">\n\t\t\t\t\t<div class=\"elementor-column elementor-col-100 elementor-top-column elementor-element elementor-element-fabf13e\" data-id=\"fabf13e\" data-element_type=\"column\" data-e-type=\"column\">\n\t\t\t<div class=\"elementor-widget-wrap elementor-element-populated\">\n\t\t\t\t\t\t<div class=\"elementor-element elementor-element-bf90eb6 elementor-widget elementor-widget-video\" data-id=\"bf90eb6\" data-element_type=\"widget\" data-e-type=\"widget\" data-settings=\"{&quot;youtube_url&quot;:&quot;https:\\\/\\\/youtu.be\\\/_gYpNLqv7JA&quot;,&quot;video_type&quot;:&quot;youtube&quot;,&quot;controls&quot;:&quot;yes&quot;}\" data-widget_type=\"video.default\">\n\t\t\t\t<div class=\"elementor-widget-container\">\n\t\t\t\t\t\t\t<div class=\"elementor-wrapper elementor-open-inline\">\n\t\t\t<div class=\"elementor-video\"><\/div>\t\t<\/div>\n\t\t\t\t\t\t<\/div>\n\t\t\t\t<\/div>\n\t\t\t\t\t<\/div>\n\t\t<\/div>\n\t\t\t\t\t<\/div>\n\t\t<\/section>\n\t\t\t\t<section class=\"elementor-section elementor-top-section elementor-element elementor-element-413c60cb elementor-section-boxed elementor-section-height-default elementor-section-height-default\" data-id=\"413c60cb\" data-element_type=\"section\" data-e-type=\"section\">\n\t\t\t\t\t\t<div class=\"elementor-container elementor-column-gap-wide\">\n\t\t\t\t\t<div class=\"elementor-column elementor-col-50 elementor-top-column elementor-element elementor-element-1450bc7d\" data-id=\"1450bc7d\" data-element_type=\"column\" data-e-type=\"column\">\n\t\t\t<div class=\"elementor-widget-wrap elementor-element-populated\">\n\t\t\t\t\t\t<div class=\"elementor-element elementor-element-5e007c2 elementor-widget elementor-widget-image\" data-id=\"5e007c2\" data-element_type=\"widget\" data-e-type=\"widget\" data-widget_type=\"image.default\">\n\t\t\t\t<div class=\"elementor-widget-container\">\n\t\t\t\t\t\t\t\t\t\t\t\t\t\t\t<img fetchpriority=\"high\" decoding=\"async\" width=\"800\" height=\"534\" src=\"https:\/\/www.remipanossian.com\/wp-content\/uploads\/2018\/01\/booking-remi-panossian-1024x683.jpg\" class=\"attachment-large size-large wp-image-36\" alt=\"booking Remi Panossian\" srcset=\"https:\/\/www.remipanossian.com\/wp-content\/uploads\/2018\/01\/booking-remi-panossian-1024x683.jpg 1024w, https:\/\/www.remipanossian.com\/wp-content\/uploads\/2018\/01\/booking-remi-panossian-1000x667.jpg 1000w, https:\/\/www.remipanossian.com\/wp-content\/uploads\/2018\/01\/booking-remi-panossian-300x200.jpg 300w, https:\/\/www.remipanossian.com\/wp-content\/uploads\/2018\/01\/booking-remi-panossian-768x513.jpg 768w, https:\/\/www.remipanossian.com\/wp-content\/uploads\/2018\/01\/booking-remi-panossian.jpg 1440w\" sizes=\"(max-width: 800px) 100vw, 800px\" \/>\t\t\t\t\t\t\t\t\t\t\t\t\t\t\t<\/div>\n\t\t\t\t<\/div>\n\t\t\t\t<div class=\"elementor-element elementor-element-dba74aa elementor-widget elementor-widget-text-editor\" data-id=\"dba74aa\" data-element_type=\"widget\" data-e-type=\"widget\" data-widget_type=\"text-editor.default\">\n\t\t\t\t<div class=\"elementor-widget-container\">\n\t\t\t\t\t\t\t\t\t<p>R\u00e9mi Panossian (born 1983, Montpellier, France), started playing piano at the age of seven. He was only ten years old when he attended a Michel Petrucciani concert and got hooked on jazz. R\u00e9mi studied at the Montpellier Jazz School, not only learning musical theory and the history of jazz, but also improvisation at which he excelled. He took part in many master classes and had the good fortune to interact with such musical greats as St\u00e9phane Kochoyan, Steve Coleman and Andy Milne.<br \/>After playing with writer R\u00e9gine D\u00e9tembel in Jazz Fest Wien 2000, the prestigious Vienna Jazz Festival, R\u00e9mi moved to Toulouse to further his musical studies. Within two years he graduated from the Toulouse College of Music where he received a National School of Music Certificate in Jazz and Improvised Music. R\u00e9mi taught jazz piano for 4 years at the Enfants du Jazz Workshop and currently teaches at the International Trio Session in Cape Breton when his touring schedule allows<\/p><p>After 2 duet cds, many concerts, and great collaborations (Aldo Romano, Francesco Bearzatti, Pierrick Pedron, Rick Margitza\u2026) Remi Panossian, began the trio adventure on the end of 2009 with Maxime Delporte on double bass and Frederic Petitprez on drums.<\/p><p>The trio has released the album \u201cAdd fiction\u201d on january 2011 which had a great reception from international press and audience. These three musicians are friends for a long time and the trio became immediatly a real Band ! Their unity is a wonderful strengh for their music which has been mostly described as being both Lyrical and Energetic.<br \/>The trio has been elected \u201cRevelation of the year 2011\u2033 by the french radio TSF JAZZ! and they\u2019ve been invited to play a song at Olympia Hall Paris for the \u201d You and the night and the Music \u201d show.<br \/>In 2013 their 2nd album BBANG has been released and recieved a wonderful reception as well. And in 2015 They &#8216;ve released their 3rd album, produced and mixed by Eric Legnini, which has been &#8220;September selection &#8221; by FIP Radio, TOP 10 french albums by The inrocks, Broadcasted by France Musique, France Inter, TSF Jazz and may others&#8230;<br \/>In Only 10Years the trio has performed more than 500 concerts in 36 countries such as France ,Japan, Outh Korea, China , India, Taiwan, Canada, Norway, Brasil, Germany, Venezuela, Portugal, Germany&#8230;.<\/p><p>They &#8216;ve been invited on prestigious stages such as Tokyo jazz festival , Jarasum jazz festival, Guangzhou opera hall , Taichung jazz festival ( Taiwan ) New Morning, Montreal jazz Festival ,Jazz in Marciac, Jazz \u00e0 Juan les pins, Nancy jazz pulsation , Vancouver jazz fest , Vladivostok jazz festival \u2026<\/p>\t\t\t\t\t\t\t\t<\/div>\n\t\t\t\t<\/div>\n\t\t\t\t\t<\/div>\n\t\t<\/div>\n\t\t\t\t<div class=\"elementor-column elementor-col-50 elementor-top-column elementor-element elementor-element-6cb36f5\" data-id=\"6cb36f5\" data-element_type=\"column\" data-e-type=\"column\">\n\t\t\t<div class=\"elementor-widget-wrap elementor-element-populated\">\n\t\t\t\t\t\t<div class=\"elementor-element elementor-element-a3bfa60 elementor-widget elementor-widget-text-editor\" data-id=\"a3bfa60\" data-element_type=\"widget\" data-e-type=\"widget\" data-widget_type=\"text-editor.default\">\n\t\t\t\t<div class=\"elementor-widget-container\">\n\t\t\t\t\t\t\t\t\t<p style=\"text-align: justify;\">After an amazing concept album in 2017 with a lot of wonderful guest , they &#8216;are going to release their 5th album as a trio and touring the whole world to celebrate their 10th birthday !<\/p>\nBesides his trio Remi has always continued his piano solo project with a lot of concerts in France and around the world on prestigious stages . Piano aux Jacobins , l&#8217;esprit du piano , JCC art center in seoul, indonesia, China, Japan&#8230;etc\nAnd he has just released an amazing solo album : DO.\n\nDo, the note Do ( C ) &#8230; \u201cDo\u201d means the \u201cisland\u201d in Korean, the \u201cway\u201d in Japanese, the \u201cstone\u201d in Tibetan, \u201dto accomplish\u201d in English &#8230;\nSo many meanings to this word, so many internal resonances to R\u00e9mi Panossian for this new adventure.\nAfter touring the world with his trio, with whom he has just recorded a fourth album, it came to him as an obvious choice to reveal himself in a more intimate, solo piano.\t\t\t\t\t\t\t\t<\/div>\n\t\t\t\t<\/div>\n\t\t\t\t<div class=\"elementor-element elementor-element-9e8c539 elementor-widget elementor-widget-image\" data-id=\"9e8c539\" data-element_type=\"widget\" data-e-type=\"widget\" data-widget_type=\"image.default\">\n\t\t\t\t<div class=\"elementor-widget-container\">\n\t\t\t\t\t\t\t\t\t\t\t\t\t\t\t<img decoding=\"async\" width=\"800\" height=\"597\" src=\"https:\/\/www.remipanossian.com\/wp-content\/uploads\/2022\/11\/225002889_10227070506852596_8562300670591890017_n.jpg\" class=\"attachment-large size-large wp-image-547\" alt=\"\" srcset=\"https:\/\/www.remipanossian.com\/wp-content\/uploads\/2022\/11\/225002889_10227070506852596_8562300670591890017_n.jpg 893w, https:\/\/www.remipanossian.com\/wp-content\/uploads\/2022\/11\/225002889_10227070506852596_8562300670591890017_n-300x224.jpg 300w, https:\/\/www.remipanossian.com\/wp-content\/uploads\/2022\/11\/225002889_10227070506852596_8562300670591890017_n-768x573.jpg 768w\" sizes=\"(max-width: 800px) 100vw, 800px\" \/>\t\t\t\t\t\t\t\t\t\t\t\t\t\t\t<\/div>\n\t\t\t\t<\/div>\n\t\t\t\t<div class=\"elementor-element elementor-element-969d10d elementor-widget elementor-widget-text-editor\" data-id=\"969d10d\" data-element_type=\"widget\" data-e-type=\"widget\" data-widget_type=\"text-editor.default\">\n\t\t\t\t<div class=\"elementor-widget-container\">\n\t\t\t\t\t\t\t\t\t<p>R\u00e9mi Panossian has been regularly performing solo since his debut.<\/p><p>But it is in 2016 , between two solo tours in Asia, that the desire to engrave this music grows.<br \/>Lover of melodies, his lives are energetic, captivating, and organic. On stage, R\u00e9mi Panossian gives life to his music, between poetic delicacy, rock references, and flamboyant lyrical style.<br \/>In order to be closer to what animates him, for his first solo album, he teamed up with his friend and longtime accomplice the trumpeter, composer Nicolas Gardel to whom he confides the artistic direction.<br \/>They decided to record live, without touch-ups to stay close to emotion.<\/p>\t\t\t\t\t\t\t\t<\/div>\n\t\t\t\t<\/div>\n\t\t\t\t\t<\/div>\n\t\t<\/div>\n\t\t\t\t\t<\/div>\n\t\t<\/section>\n\t\t\t\t<\/div>\n\t\t","protected":false},"excerpt":{"rendered":"<p>R\u00e9mi Panossian (born 1983, Montpellier, France), started playing piano at the age of seven. He was only ten years old when he attended a Michel Petrucciani concert and got hooked on jazz. R\u00e9mi studied at the Montpellier Jazz School, not only learning musical theory and the history of jazz, but also improvisation at which he [&hellip;]<\/p>\n","protected":false},"author":1,"featured_media":0,"parent":0,"menu_order":0,"comment_status":"closed","ping_status":"closed","template":"elementor_header_footer","meta":{"footnotes":""},"class_list":["post-88","page","type-page","status-publish","hentry"],"yoast_head":"<!-- This site is optimized with the Yoast SEO plugin v26.9 - https:\/\/yoast.com\/product\/yoast-seo-wordpress\/ -->\n<title>Remi Panossian - Remi Panossian | Official Website<\/title>\n<meta name=\"robots\" content=\"index, follow, max-snippet:-1, max-image-preview:large, max-video-preview:-1\" \/>\n<link rel=\"canonical\" href=\"https:\/\/www.remipanossian.com\/en\/remi-panossian\/\" \/>\n<meta property=\"og:locale\" content=\"en_US\" \/>\n<meta property=\"og:type\" content=\"article\" \/>\n<meta property=\"og:title\" content=\"Remi Panossian - Remi Panossian | Official Website\" \/>\n<meta property=\"og:description\" content=\"R\u00e9mi Panossian (born 1983, Montpellier, France), started playing piano at the age of seven. He was only ten years old when he attended a Michel Petrucciani concert and got hooked on jazz. R\u00e9mi studied at the Montpellier Jazz School, not only learning musical theory and the history of jazz, but also improvisation at which he [&hellip;]\" \/>\n<meta property=\"og:url\" content=\"https:\/\/www.remipanossian.com\/en\/remi-panossian\/\" \/>\n<meta property=\"og:site_name\" content=\"Remi Panossian | Official Website\" \/>\n<meta property=\"article:modified_time\" content=\"2022-12-05T17:14:02+00:00\" \/>\n<meta property=\"og:image\" content=\"https:\/\/www.remipanossian.com\/wp-content\/uploads\/2018\/01\/booking-remi-panossian-1024x683.jpg\" \/>\n<meta name=\"twitter:card\" content=\"summary_large_image\" \/>\n<meta name=\"twitter:label1\" content=\"Est. reading time\" \/>\n\t<meta name=\"twitter:data1\" content=\"5 minutes\" \/>\n<script type=\"application\/ld+json\" class=\"yoast-schema-graph\">{\"@context\":\"https:\/\/schema.org\",\"@graph\":[{\"@type\":\"WebPage\",\"@id\":\"https:\/\/www.remipanossian.com\/en\/remi-panossian\/\",\"url\":\"https:\/\/www.remipanossian.com\/en\/remi-panossian\/\",\"name\":\"Remi Panossian - Remi Panossian | Official Website\",\"isPartOf\":{\"@id\":\"https:\/\/www.remipanossian.com\/#website\"},\"primaryImageOfPage\":{\"@id\":\"https:\/\/www.remipanossian.com\/en\/remi-panossian\/#primaryimage\"},\"image\":{\"@id\":\"https:\/\/www.remipanossian.com\/en\/remi-panossian\/#primaryimage\"},\"thumbnailUrl\":\"https:\/\/www.remipanossian.com\/wp-content\/uploads\/2018\/01\/booking-remi-panossian-1024x683.jpg\",\"datePublished\":\"2018-01-23T03:22:56+00:00\",\"dateModified\":\"2022-12-05T17:14:02+00:00\",\"breadcrumb\":{\"@id\":\"https:\/\/www.remipanossian.com\/en\/remi-panossian\/#breadcrumb\"},\"inLanguage\":\"en-US\",\"potentialAction\":[{\"@type\":\"ReadAction\",\"target\":[\"https:\/\/www.remipanossian.com\/en\/remi-panossian\/\"]}]},{\"@type\":\"ImageObject\",\"inLanguage\":\"en-US\",\"@id\":\"https:\/\/www.remipanossian.com\/en\/remi-panossian\/#primaryimage\",\"url\":\"https:\/\/www.remipanossian.com\/wp-content\/uploads\/2018\/01\/booking-remi-panossian-1024x683.jpg\",\"contentUrl\":\"https:\/\/www.remipanossian.com\/wp-content\/uploads\/2018\/01\/booking-remi-panossian-1024x683.jpg\"},{\"@type\":\"BreadcrumbList\",\"@id\":\"https:\/\/www.remipanossian.com\/en\/remi-panossian\/#breadcrumb\",\"itemListElement\":[{\"@type\":\"ListItem\",\"position\":1,\"name\":\"Home\",\"item\":\"https:\/\/www.remipanossian.com\/\"},{\"@type\":\"ListItem\",\"position\":2,\"name\":\"Remi Panossian\"}]},{\"@type\":\"WebSite\",\"@id\":\"https:\/\/www.remipanossian.com\/#website\",\"url\":\"https:\/\/www.remipanossian.com\/\",\"name\":\"Remi Panossian | Official Website\",\"description\":\"New Album release ! Remi Panossian Trio - RP3: 88888888\",\"potentialAction\":[{\"@type\":\"SearchAction\",\"target\":{\"@type\":\"EntryPoint\",\"urlTemplate\":\"https:\/\/www.remipanossian.com\/?s={search_term_string}\"},\"query-input\":{\"@type\":\"PropertyValueSpecification\",\"valueRequired\":true,\"valueName\":\"search_term_string\"}}],\"inLanguage\":\"en-US\"}]}<\/script>\n<!-- \/ Yoast SEO plugin. -->","yoast_head_json":{"title":"Remi Panossian - Remi Panossian | Official Website","robots":{"index":"index","follow":"follow","max-snippet":"max-snippet:-1","max-image-preview":"max-image-preview:large","max-video-preview":"max-video-preview:-1"},"canonical":"https:\/\/www.remipanossian.com\/en\/remi-panossian\/","og_locale":"en_US","og_type":"article","og_title":"Remi Panossian - Remi Panossian | Official Website","og_description":"R\u00e9mi Panossian (born 1983, Montpellier, France), started playing piano at the age of seven. He was only ten years old when he attended a Michel Petrucciani concert and got hooked on jazz. R\u00e9mi studied at the Montpellier Jazz School, not only learning musical theory and the history of jazz, but also improvisation at which he [&hellip;]","og_url":"https:\/\/www.remipanossian.com\/en\/remi-panossian\/","og_site_name":"Remi Panossian | Official Website","article_modified_time":"2022-12-05T17:14:02+00:00","og_image":[{"url":"https:\/\/www.remipanossian.com\/wp-content\/uploads\/2018\/01\/booking-remi-panossian-1024x683.jpg","type":"","width":"","height":""}],"twitter_card":"summary_large_image","twitter_misc":{"Est. reading time":"5 minutes"},"schema":{"@context":"https:\/\/schema.org","@graph":[{"@type":"WebPage","@id":"https:\/\/www.remipanossian.com\/en\/remi-panossian\/","url":"https:\/\/www.remipanossian.com\/en\/remi-panossian\/","name":"Remi Panossian - Remi Panossian | Official Website","isPartOf":{"@id":"https:\/\/www.remipanossian.com\/#website"},"primaryImageOfPage":{"@id":"https:\/\/www.remipanossian.com\/en\/remi-panossian\/#primaryimage"},"image":{"@id":"https:\/\/www.remipanossian.com\/en\/remi-panossian\/#primaryimage"},"thumbnailUrl":"https:\/\/www.remipanossian.com\/wp-content\/uploads\/2018\/01\/booking-remi-panossian-1024x683.jpg","datePublished":"2018-01-23T03:22:56+00:00","dateModified":"2022-12-05T17:14:02+00:00","breadcrumb":{"@id":"https:\/\/www.remipanossian.com\/en\/remi-panossian\/#breadcrumb"},"inLanguage":"en-US","potentialAction":[{"@type":"ReadAction","target":["https:\/\/www.remipanossian.com\/en\/remi-panossian\/"]}]},{"@type":"ImageObject","inLanguage":"en-US","@id":"https:\/\/www.remipanossian.com\/en\/remi-panossian\/#primaryimage","url":"https:\/\/www.remipanossian.com\/wp-content\/uploads\/2018\/01\/booking-remi-panossian-1024x683.jpg","contentUrl":"https:\/\/www.remipanossian.com\/wp-content\/uploads\/2018\/01\/booking-remi-panossian-1024x683.jpg"},{"@type":"BreadcrumbList","@id":"https:\/\/www.remipanossian.com\/en\/remi-panossian\/#breadcrumb","itemListElement":[{"@type":"ListItem","position":1,"name":"Home","item":"https:\/\/www.remipanossian.com\/"},{"@type":"ListItem","position":2,"name":"Remi Panossian"}]},{"@type":"WebSite","@id":"https:\/\/www.remipanossian.com\/#website","url":"https:\/\/www.remipanossian.com\/","name":"Remi Panossian | Official Website","description":"New Album release ! Remi Panossian Trio - RP3: 88888888","potentialAction":[{"@type":"SearchAction","target":{"@type":"EntryPoint","urlTemplate":"https:\/\/www.remipanossian.com\/?s={search_term_string}"},"query-input":{"@type":"PropertyValueSpecification","valueRequired":true,"valueName":"search_term_string"}}],"inLanguage":"en-US"}]}},"_links":{"self":[{"href":"https:\/\/www.remipanossian.com\/en\/wp-json\/wp\/v2\/pages\/88","targetHints":{"allow":["GET"]}}],"collection":[{"href":"https:\/\/www.remipanossian.com\/en\/wp-json\/wp\/v2\/pages"}],"about":[{"href":"https:\/\/www.remipanossian.com\/en\/wp-json\/wp\/v2\/types\/page"}],"author":[{"embeddable":true,"href":"https:\/\/www.remipanossian.com\/en\/wp-json\/wp\/v2\/users\/1"}],"replies":[{"embeddable":true,"href":"https:\/\/www.remipanossian.com\/en\/wp-json\/wp\/v2\/comments?post=88"}],"version-history":[{"count":12,"href":"https:\/\/www.remipanossian.com\/en\/wp-json\/wp\/v2\/pages\/88\/revisions"}],"predecessor-version":[{"id":614,"href":"https:\/\/www.remipanossian.com\/en\/wp-json\/wp\/v2\/pages\/88\/revisions\/614"}],"wp:attachment":[{"href":"https:\/\/www.remipanossian.com\/en\/wp-json\/wp\/v2\/media?parent=88"}],"curies":[{"name":"wp","href":"https:\/\/api.w.org\/{rel}","templated":true}]}}